{"id":15,"date":"2026-03-29T16:33:27","date_gmt":"2026-03-29T16:33:27","guid":{"rendered":"https:\/\/www.damiertolosa.com\/?page_id=15"},"modified":"2026-04-01T09:57:40","modified_gmt":"2026-04-01T09:57:40","slug":"accueil","status":"publish","type":"page","link":"https:\/\/www.damiertolosa.com\/","title":{"rendered":""},"content":{"rendered":"\n<p style=\"font-size:clamp(0.984rem, 0.984rem + ((1vw - 0.2rem) * 0.842), 1.5rem);\">Le Damier Tolosa est une association qui a axes d&rsquo;activit\u00e9<\/p>\n\n\n\n<hr class=\"wp-block-separator has-alpha-channel-opacity\"\/>\n\n\n\n<p style=\"font-size:clamp(0.984rem, 0.984rem + ((1vw - 0.2rem) * 0.842), 1.5rem);\"><strong>1)<\/strong> <strong>Les rencontre et animations<\/strong> \u00ab\u00a0C o\u00f9 que je dame\u00a0\u00bb<\/p>\n\n\n\n<div class=\"wp-block-media-text is-stacked-on-mobile\" style=\"grid-template-columns:15% auto\"><figure class=\"wp-block-media-text__media\"><img loading=\"lazy\" decoding=\"async\" width=\"250\" height=\"236\" src=\"http:\/\/www.damiertolosa.com\/wp-content\/uploads\/2026\/03\/200.jpg\" alt=\"\" class=\"wp-image-73 size-full\"\/><\/figure><div class=\"wp-block-media-text__content\">\n<p style=\"font-size:clamp(0.984rem, 0.984rem + ((1vw - 0.2rem) * 0.842), 1.5rem);\"><a href=\"https:\/\/www.damiertolosa.com\/index.php\/rencontre\/\" data-type=\"page\" data-id=\"36\">C o\u00f9 que je dame<\/a> <\/p>\n<\/div><\/div>\n\n\n\n<hr class=\"wp-block-separator has-alpha-channel-opacity\"\/>\n\n\n\n<p><\/p>\n\n\n\n<p style=\"font-size:clamp(0.984rem, 0.984rem + ((1vw - 0.2rem) * 0.842), 1.5rem);\"><strong>2)  La chaine Youtube <\/strong><\/p>\n\n\n\n<div class=\"wp-block-media-text is-stacked-on-mobile\" style=\"grid-template-columns:15% auto\"><figure class=\"wp-block-media-text__media\"><a href=\"https:\/\/www.youtube.com\/@DamierTolosa\"><img loading=\"lazy\" decoding=\"async\" width=\"701\" height=\"647\" src=\"https:\/\/www.damiertolosa.com\/wp-content\/uploads\/2026\/03\/portrait2.png\" alt=\"\" class=\"wp-image-154 size-full\" srcset=\"https:\/\/www.damiertolosa.com\/wp-content\/uploads\/2026\/03\/portrait2.png 701w, https:\/\/www.damiertolosa.com\/wp-content\/uploads\/2026\/03\/portrait2-300x277.png 300w\" sizes=\"auto, (max-width: 701px) 100vw, 701px\" \/><\/a><\/figure><div class=\"wp-block-media-text__content\">\n<p style=\"font-size:clamp(0.984rem, 0.984rem + ((1vw - 0.2rem) * 0.842), 1.5rem);\"><a href=\"https:\/\/www.youtube.com\/@DamierTolosa\">Chaine Youtube<\/a><\/p>\n<\/div><\/div>\n\n\n\n<hr class=\"wp-block-separator has-alpha-channel-opacity\"\/>\n\n\n\n<p style=\"font-size:clamp(0.984rem, 0.984rem + ((1vw - 0.2rem) * 0.842), 1.5rem);\">Le Damier Tolosa est ouvert \u00e0 d&rsquo;autres types de jeu de dames ou des jeux qui lui ressemblent<\/p>\n\n\n\n<p class=\"has-text-align-center\" style=\"font-size:clamp(0.984rem, 0.984rem + ((1vw - 0.2rem) * 0.842), 1.5rem);\"><strong>Derni\u00e8re mise \u00e0 jour le 1 avril 2025<\/strong><\/p>\n\n\n\n<hr class=\"wp-block-separator has-alpha-channel-opacity\"\/>\n","protected":false},"excerpt":{"rendered":"<p>Le Damier Tolosa est une association qui a axes d&rsquo;activit\u00e9 1) Les rencontre et animations \u00ab\u00a0C o\u00f9 que je dame\u00a0\u00bb C o\u00f9 que je dame 2) La chaine Youtube Chaine Youtube Le Damier Tolosa est ouvert \u00e0 d&rsquo;autres types de jeu de dames ou des jeux qui lui ressemblent Derni\u00e8re mise \u00e0 jour le 1 [&hellip;]<\/p>\n","protected":false},"author":2,"featured_media":0,"parent":0,"menu_order":0,"comment_status":"closed","ping_status":"closed","template":"","meta":{"footnotes":""},"class_list":["post-15","page","type-page","status-publish","hentry"],"_links":{"self":[{"href":"https:\/\/www.damiertolosa.com\/index.php\/wp-json\/wp\/v2\/pages\/15","targetHints":{"allow":["GET"]}}],"collection":[{"href":"https:\/\/www.damiertolosa.com\/index.php\/wp-json\/wp\/v2\/pages"}],"about":[{"href":"https:\/\/www.damiertolosa.com\/index.php\/wp-json\/wp\/v2\/types\/page"}],"author":[{"embeddable":true,"href":"https:\/\/www.damiertolosa.com\/index.php\/wp-json\/wp\/v2\/users\/2"}],"replies":[{"embeddable":true,"href":"https:\/\/www.damiertolosa.com\/index.php\/wp-json\/wp\/v2\/comments?post=15"}],"version-history":[{"count":14,"href":"https:\/\/www.damiertolosa.com\/index.php\/wp-json\/wp\/v2\/pages\/15\/revisions"}],"predecessor-version":[{"id":191,"href":"https:\/\/www.damiertolosa.com\/index.php\/wp-json\/wp\/v2\/pages\/15\/revisions\/191"}],"wp:attachment":[{"href":"https:\/\/www.damiertolosa.com\/index.php\/wp-json\/wp\/v2\/media?parent=15"}],"curies":[{"name":"wp","href":"https:\/\/api.w.org\/{rel}","templated":true}]}}