{"id":38,"date":"2026-03-29T16:37:34","date_gmt":"2026-03-29T16:37:34","guid":{"rendered":"https:\/\/www.damiertolosa.com\/?page_id=38"},"modified":"2026-03-30T08:19:49","modified_gmt":"2026-03-30T08:19:49","slug":"video","status":"publish","type":"page","link":"https:\/\/www.damiertolosa.com\/index.php\/video\/","title":{"rendered":"vid\u00e9o"},"content":{"rendered":"\n<h1 class=\"wp-block-heading has-text-align-center\">Vid\u00e9o <\/h1>\n\n\n\n<p style=\"font-size:clamp(0.875rem, 0.875rem + ((1vw - 0.2rem) * 0.694), 1.3rem);\">Simon Horsot vous propose plusieurs vid\u00e9o sur le jeu de dames : <\/p>\n\n\n\n<p><\/p>\n\n\n\n<ul class=\"wp-block-list\">\n<li style=\"padding-top:var(--wp--preset--spacing--20);padding-bottom:var(--wp--preset--spacing--20)\"><a href=\"https:\/\/www.damiertolosa.com\/index.php\/pour-debutants\/\" data-type=\"page\" data-id=\"34\">Pour d\u00e9butant <\/a><\/li>\n\n\n\n<li style=\"padding-top:var(--wp--preset--spacing--20);padding-bottom:var(--wp--preset--spacing--20)\"><a href=\"https:\/\/www.damiertolosa.com\/index.php\/ffjd\/\" data-type=\"page\" data-id=\"25\">Relatif \u00e0 la F\u00e9d\u00e9ration Fran\u00e7aise de jeu de dames<\/a><\/li>\n\n\n\n<li style=\"padding-top:var(--wp--preset--spacing--20);padding-bottom:var(--wp--preset--spacing--20)\"><a href=\"https:\/\/www.damiertolosa.com\/index.php\/combinaisons\/\" data-type=\"page\" data-id=\"19\">Sur les combinaisons<\/a> <\/li>\n\n\n\n<li style=\"padding-top:var(--wp--preset--spacing--20);padding-bottom:var(--wp--preset--spacing--20)\"><a href=\"https:\/\/www.damiertolosa.com\/index.php\/gambits-et-forcings\/\" data-type=\"page\" data-id=\"29\">Gambit et Forcings<\/a><\/li>\n\n\n\n<li style=\"padding-top:var(--wp--preset--spacing--20);padding-bottom:var(--wp--preset--spacing--20)\"><a href=\"https:\/\/www.damiertolosa.com\/index.php\/fin-de-partie\/\" data-type=\"page\" data-id=\"27\">Sur les fins de parties<\/a><\/li>\n\n\n\n<li style=\"padding-top:var(--wp--preset--spacing--20);padding-bottom:var(--wp--preset--spacing--20)\"><a href=\"https:\/\/www.damiertolosa.com\/index.php\/autre\/\" data-type=\"page\" data-id=\"17\">Autre vid\u00e9o sur 100 cases<\/a><\/li>\n\n\n\n<li style=\"padding-top:var(--wp--preset--spacing--20);padding-bottom:var(--wp--preset--spacing--20)\"><a href=\"https:\/\/www.damiertolosa.com\/index.php\/64-cases\/\" data-type=\"page\" data-id=\"12\">Sur le 64 cases br\u00e9silien<\/a> <\/li>\n\n\n\n<li style=\"padding-top:var(--wp--preset--spacing--20);padding-bottom:var(--wp--preset--spacing--20)\"><a href=\"https:\/\/www.damiertolosa.com\/index.php\/echecs\/\" data-type=\"page\" data-id=\"23\">Sur les \u00e9checs<\/a> <\/li>\n<\/ul>\n\n\n\n<p><\/p>\n","protected":false},"excerpt":{"rendered":"<p>Vid\u00e9o Simon Horsot vous propose plusieurs vid\u00e9o sur le jeu de dames :<\/p>\n","protected":false},"author":2,"featured_media":0,"parent":0,"menu_order":0,"comment_status":"closed","ping_status":"closed","template":"","meta":{"footnotes":""},"class_list":["post-38","page","type-page","status-publish","hentry"],"_links":{"self":[{"href":"https:\/\/www.damiertolosa.com\/index.php\/wp-json\/wp\/v2\/pages\/38","targetHints":{"allow":["GET"]}}],"collection":[{"href":"https:\/\/www.damiertolosa.com\/index.php\/wp-json\/wp\/v2\/pages"}],"about":[{"href":"https:\/\/www.damiertolosa.com\/index.php\/wp-json\/wp\/v2\/types\/page"}],"author":[{"embeddable":true,"href":"https:\/\/www.damiertolosa.com\/index.php\/wp-json\/wp\/v2\/users\/2"}],"replies":[{"embeddable":true,"href":"https:\/\/www.damiertolosa.com\/index.php\/wp-json\/wp\/v2\/comments?post=38"}],"version-history":[{"count":8,"href":"https:\/\/www.damiertolosa.com\/index.php\/wp-json\/wp\/v2\/pages\/38\/revisions"}],"predecessor-version":[{"id":111,"href":"https:\/\/www.damiertolosa.com\/index.php\/wp-json\/wp\/v2\/pages\/38\/revisions\/111"}],"wp:attachment":[{"href":"https:\/\/www.damiertolosa.com\/index.php\/wp-json\/wp\/v2\/media?parent=38"}],"curies":[{"name":"wp","href":"https:\/\/api.w.org\/{rel}","templated":true}]}}